{"id":175,"date":"2019-12-22T00:08:40","date_gmt":"2019-12-22T05:08:40","guid":{"rendered":"http:\/\/localhost\/adaptek\/about-us\/"},"modified":"2021-01-29T21:31:17","modified_gmt":"2021-01-30T02:31:17","slug":"a-propos-de-nous","status":"publish","type":"page","link":"https:\/\/www.adaptek.ca\/fr\/a-propos-de-nous\/","title":{"rendered":"\u00c0 propos de nous"},"content":{"rendered":"\n<div class=\"wp-block-media-text alignwide has-media-on-the-right is-stacked-on-mobile is-image-fill\"><figure class=\"wp-block-media-text__media lazyload\" style=\"background-image:inherit;background-position:79% 42%\" data-bg-image=\"url(https:\/\/www.adaptek.ca\/wp-content\/uploads\/2021\/01\/purple-laptop-3d-illustration-black-desk-laptop-computer-with-color-pink-purple-light-display-1024x576.jpg)\"><img decoding=\"async\" width=\"1024\" height=\"576\" data-src=\"https:\/\/www.adaptek.ca\/wp-content\/uploads\/2021\/01\/purple-laptop-3d-illustration-black-desk-laptop-computer-with-color-pink-purple-light-display-1024x576.jpg\" alt=\"\" class=\"wp-image-315 size-full lazyload\" data-srcset=\"https:\/\/www.adaptek.ca\/wp-content\/uploads\/2021\/01\/purple-laptop-3d-illustration-black-desk-laptop-computer-with-color-pink-purple-light-display-1024x576.jpg 1024w, https:\/\/www.adaptek.ca\/wp-content\/uploads\/2021\/01\/purple-laptop-3d-illustration-black-desk-laptop-computer-with-color-pink-purple-light-display-300x169.jpg 300w, https:\/\/www.adaptek.ca\/wp-content\/uploads\/2021\/01\/purple-laptop-3d-illustration-black-desk-laptop-computer-with-color-pink-purple-light-display-768x432.jpg 768w, https:\/\/www.adaptek.ca\/wp-content\/uploads\/2021\/01\/purple-laptop-3d-illustration-black-desk-laptop-computer-with-color-pink-purple-light-display-1536x864.jpg 1536w, https:\/\/www.adaptek.ca\/wp-content\/uploads\/2021\/01\/purple-laptop-3d-illustration-black-desk-laptop-computer-with-color-pink-purple-light-display-2048x1152.jpg 2048w\" data-sizes=\"(max-width: 1024px) 100vw, 1024px\" src=\"data:image\/svg+xml;base64,PHN2ZyB3aWR0aD0iMSIgaGVpZ2h0PSIxIiB4bWxucz0iaHR0cDovL3d3dy53My5vcmcvMjAwMC9zdmciPjwvc3ZnPg==\" style=\"--smush-placeholder-width: 1024px; --smush-placeholder-aspect-ratio: 1024\/576;\" \/><\/figure><div class=\"wp-block-media-text__content\">\n<h2 class=\"wp-block-heading\">Cr\u00e9\u00e9 en 1984<\/h2>\n\n\n\n<p><strong>Adaptek Systems <\/strong>avait l&rsquo;objectif d&rsquo;offrir de la maintenance d&rsquo;ordinateurs et de p\u00e9riph\u00e9riques informatiques.\u00a0En 1987, l&rsquo;entreprise a commenc\u00e9 \u00e0 assembler sa propre gamme de micro-ordinateurs compatibles IBM assembl\u00e9s en grande partie avec des pi\u00e8ces fabriqu\u00e9es au Canada.<\/p>\n\n\n\n<p>Aujourd&rsquo;hui, Adaptek est devenu un chef de file en technologie de l&rsquo;information dans la r\u00e9gion d&rsquo;Ottawa-Gatineau en fournissant des solutions de r\u00e9seautage compl\u00e8tes qui int\u00e8grent tous les supports informatiques. Adaptek fournit avec succ\u00e8s des produits de qualit\u00e9 et des services personnalis\u00e9s \u00e0 ses clients; des agences gouvernementales, des membres de la communaut\u00e9 \u00e9ducative, des organismes \u00e0 but non lucratif et caritatives, des associations professionnelles et des petites entreprises.&nbsp;<\/p>\n\n\n\n<p>Notre avantage concurrentiel se distingue par notre offre de solutions compl\u00e8tes et personnalis\u00e9es. Notre capacit\u00e9 \u00e0 nous adapter aux besoins et aux demandes de notre client\u00e8le d\u00e9bute par une \u00e9quipe de service bilingue et qualifi\u00e9e. Nos experts offrent des services innovateurs fiables et une assistance flexible par l\u2019utilisation de techniques de d\u00e9pannage avanc\u00e9es et un acc\u00e8s direct aux derni\u00e8res informations techniques.&nbsp;&nbsp;&nbsp;<\/p>\n\n\n\n<p>Notre \u00e9quipe est compos\u00e9e de technologues en g\u00e9nie \u00e9lectronique, de sp\u00e9cialistes de r\u00e9seaux, de techniciens d&rsquo;assemblage et de personnels de soutien enti\u00e8rement d\u00e9di\u00e9s \u00e0 nos clients.<\/p>\n\n\n\n<blockquote class=\"wp-block-quote is-layout-flow wp-block-quote-is-layout-flow\"><p>Nous sommes fiers d&rsquo;offrir un niveau sup\u00e9rieur de consultation, de produits et de soutien \u00e0 toute la r\u00e9gion d&rsquo;Ottawa-Gatineau.<\/p><\/blockquote>\n<\/div><\/div>\n\n\n\n<div style=\"height:50px\" aria-hidden=\"true\" class=\"wp-block-spacer\"><\/div>\n","protected":false},"excerpt":{"rendered":"<p>Cr\u00e9\u00e9 en 1984 Adaptek Systems avait l&rsquo;objectif d&rsquo;offrir de la maintenance d&rsquo;ordinateurs et de p\u00e9riph\u00e9riques informatiques.\u00a0En 1987, l&rsquo;entreprise a commenc\u00e9 \u00e0 assembler sa propre gamme de micro-ordinateurs compatibles IBM assembl\u00e9s en grande partie avec des pi\u00e8ces fabriqu\u00e9es au Canada. Aujourd&rsquo;hui, Adaptek est devenu un chef de file en technologie de l&rsquo;information dans la r\u00e9gion d&rsquo;Ottawa-Gatineau [&hellip;]<\/p>\n","protected":false},"author":1,"featured_media":0,"parent":0,"menu_order":11,"comment_status":"closed","ping_status":"closed","template":"","meta":{"_acf_changed":false,"footnotes":""},"class_list":["post-175","page","type-page","status-publish","hentry"],"acf":[],"yoast_head":"<!-- This site is optimized with the Yoast SEO plugin v27.4 - https:\/\/yoast.com\/product\/yoast-seo-wordpress\/ -->\n<title>\u00c0 propos de nous - Adaptek<\/title>\n<meta name=\"robots\" content=\"index, follow, max-snippet:-1, max-image-preview:large, max-video-preview:-1\" \/>\n<link rel=\"canonical\" href=\"https:\/\/www.adaptek.ca\/fr\/a-propos-de-nous\/\" \/>\n<meta property=\"og:locale\" content=\"fr_FR\" \/>\n<meta property=\"og:type\" content=\"article\" \/>\n<meta property=\"og:title\" content=\"\u00c0 propos de nous - Adaptek\" \/>\n<meta property=\"og:description\" content=\"Cr\u00e9\u00e9 en 1984 Adaptek Systems avait l&rsquo;objectif d&rsquo;offrir de la maintenance d&rsquo;ordinateurs et de p\u00e9riph\u00e9riques informatiques.\u00a0En 1987, l&rsquo;entreprise a commenc\u00e9 \u00e0 assembler sa propre gamme de micro-ordinateurs compatibles IBM assembl\u00e9s en grande partie avec des pi\u00e8ces fabriqu\u00e9es au Canada. Aujourd&rsquo;hui, Adaptek est devenu un chef de file en technologie de l&rsquo;information dans la r\u00e9gion d&rsquo;Ottawa-Gatineau [&hellip;]\" \/>\n<meta property=\"og:url\" content=\"https:\/\/www.adaptek.ca\/fr\/a-propos-de-nous\/\" \/>\n<meta property=\"og:site_name\" content=\"Adaptek\" \/>\n<meta property=\"article:modified_time\" content=\"2021-01-30T02:31:17+00:00\" \/>\n<meta property=\"og:image\" content=\"https:\/\/www.adaptek.ca\/wp-content\/uploads\/2021\/01\/purple-laptop-3d-illustration-black-desk-laptop-computer-with-color-pink-purple-light-display-1024x576.jpg\" \/>\n<meta name=\"twitter:card\" content=\"summary_large_image\" \/>\n<meta name=\"twitter:label1\" content=\"Dur\u00e9e de lecture estim\u00e9e\" \/>\n\t<meta name=\"twitter:data1\" content=\"2 minutes\" \/>\n<script type=\"application\/ld+json\" class=\"yoast-schema-graph\">{\"@context\":\"https:\\\/\\\/schema.org\",\"@graph\":[{\"@type\":\"WebPage\",\"@id\":\"https:\\\/\\\/www.adaptek.ca\\\/fr\\\/a-propos-de-nous\\\/\",\"url\":\"https:\\\/\\\/www.adaptek.ca\\\/fr\\\/a-propos-de-nous\\\/\",\"name\":\"\u00c0 propos de nous - Adaptek\",\"isPartOf\":{\"@id\":\"https:\\\/\\\/www.adaptek.ca\\\/fr\\\/#website\"},\"primaryImageOfPage\":{\"@id\":\"https:\\\/\\\/www.adaptek.ca\\\/fr\\\/a-propos-de-nous\\\/#primaryimage\"},\"image\":{\"@id\":\"https:\\\/\\\/www.adaptek.ca\\\/fr\\\/a-propos-de-nous\\\/#primaryimage\"},\"thumbnailUrl\":\"https:\\\/\\\/www.adaptek.ca\\\/wp-content\\\/uploads\\\/2021\\\/01\\\/purple-laptop-3d-illustration-black-desk-laptop-computer-with-color-pink-purple-light-display-1024x576.jpg\",\"datePublished\":\"2019-12-22T05:08:40+00:00\",\"dateModified\":\"2021-01-30T02:31:17+00:00\",\"breadcrumb\":{\"@id\":\"https:\\\/\\\/www.adaptek.ca\\\/fr\\\/a-propos-de-nous\\\/#breadcrumb\"},\"inLanguage\":\"fr-FR\",\"potentialAction\":[{\"@type\":\"ReadAction\",\"target\":[\"https:\\\/\\\/www.adaptek.ca\\\/fr\\\/a-propos-de-nous\\\/\"]}]},{\"@type\":\"ImageObject\",\"inLanguage\":\"fr-FR\",\"@id\":\"https:\\\/\\\/www.adaptek.ca\\\/fr\\\/a-propos-de-nous\\\/#primaryimage\",\"url\":\"https:\\\/\\\/www.adaptek.ca\\\/wp-content\\\/uploads\\\/2021\\\/01\\\/purple-laptop-3d-illustration-black-desk-laptop-computer-with-color-pink-purple-light-display-1024x576.jpg\",\"contentUrl\":\"https:\\\/\\\/www.adaptek.ca\\\/wp-content\\\/uploads\\\/2021\\\/01\\\/purple-laptop-3d-illustration-black-desk-laptop-computer-with-color-pink-purple-light-display-1024x576.jpg\"},{\"@type\":\"BreadcrumbList\",\"@id\":\"https:\\\/\\\/www.adaptek.ca\\\/fr\\\/a-propos-de-nous\\\/#breadcrumb\",\"itemListElement\":[{\"@type\":\"ListItem\",\"position\":1,\"name\":\"Home\",\"item\":\"https:\\\/\\\/www.adaptek.ca\\\/fr\\\/\"},{\"@type\":\"ListItem\",\"position\":2,\"name\":\"\u00c0 propos de nous\"}]},{\"@type\":\"WebSite\",\"@id\":\"https:\\\/\\\/www.adaptek.ca\\\/fr\\\/#website\",\"url\":\"https:\\\/\\\/www.adaptek.ca\\\/fr\\\/\",\"name\":\"Adaptek Systems Inc.\",\"description\":\"Service TI cl\u00e9 en main\",\"publisher\":{\"@id\":\"https:\\\/\\\/www.adaptek.ca\\\/fr\\\/#organization\"},\"potentialAction\":[{\"@type\":\"SearchAction\",\"target\":{\"@type\":\"EntryPoint\",\"urlTemplate\":\"https:\\\/\\\/www.adaptek.ca\\\/fr\\\/?s={search_term_string}\"},\"query-input\":{\"@type\":\"PropertyValueSpecification\",\"valueRequired\":true,\"valueName\":\"search_term_string\"}}],\"inLanguage\":\"fr-FR\"},{\"@type\":\"Organization\",\"@id\":\"https:\\\/\\\/www.adaptek.ca\\\/fr\\\/#organization\",\"name\":\"Adaptek Systems Inc.\",\"url\":\"https:\\\/\\\/www.adaptek.ca\\\/fr\\\/\",\"logo\":{\"@type\":\"ImageObject\",\"inLanguage\":\"fr-FR\",\"@id\":\"https:\\\/\\\/www.adaptek.ca\\\/fr\\\/#\\\/schema\\\/logo\\\/image\\\/\",\"url\":\"https:\\\/\\\/www.adaptek.ca\\\/wp-content\\\/uploads\\\/2020\\\/06\\\/adaptek-logo.png\",\"contentUrl\":\"https:\\\/\\\/www.adaptek.ca\\\/wp-content\\\/uploads\\\/2020\\\/06\\\/adaptek-logo.png\",\"width\":163,\"height\":56,\"caption\":\"Adaptek Systems Inc.\"},\"image\":{\"@id\":\"https:\\\/\\\/www.adaptek.ca\\\/fr\\\/#\\\/schema\\\/logo\\\/image\\\/\"}}]}<\/script>\n<!-- \/ Yoast SEO plugin. -->","yoast_head_json":{"title":"\u00c0 propos de nous - Adaptek","robots":{"index":"index","follow":"follow","max-snippet":"max-snippet:-1","max-image-preview":"max-image-preview:large","max-video-preview":"max-video-preview:-1"},"canonical":"https:\/\/www.adaptek.ca\/fr\/a-propos-de-nous\/","og_locale":"fr_FR","og_type":"article","og_title":"\u00c0 propos de nous - Adaptek","og_description":"Cr\u00e9\u00e9 en 1984 Adaptek Systems avait l&rsquo;objectif d&rsquo;offrir de la maintenance d&rsquo;ordinateurs et de p\u00e9riph\u00e9riques informatiques.\u00a0En 1987, l&rsquo;entreprise a commenc\u00e9 \u00e0 assembler sa propre gamme de micro-ordinateurs compatibles IBM assembl\u00e9s en grande partie avec des pi\u00e8ces fabriqu\u00e9es au Canada. Aujourd&rsquo;hui, Adaptek est devenu un chef de file en technologie de l&rsquo;information dans la r\u00e9gion d&rsquo;Ottawa-Gatineau [&hellip;]","og_url":"https:\/\/www.adaptek.ca\/fr\/a-propos-de-nous\/","og_site_name":"Adaptek","article_modified_time":"2021-01-30T02:31:17+00:00","og_image":[{"url":"https:\/\/www.adaptek.ca\/wp-content\/uploads\/2021\/01\/purple-laptop-3d-illustration-black-desk-laptop-computer-with-color-pink-purple-light-display-1024x576.jpg","type":"","width":"","height":""}],"twitter_card":"summary_large_image","twitter_misc":{"Dur\u00e9e de lecture estim\u00e9e":"2 minutes"},"schema":{"@context":"https:\/\/schema.org","@graph":[{"@type":"WebPage","@id":"https:\/\/www.adaptek.ca\/fr\/a-propos-de-nous\/","url":"https:\/\/www.adaptek.ca\/fr\/a-propos-de-nous\/","name":"\u00c0 propos de nous - Adaptek","isPartOf":{"@id":"https:\/\/www.adaptek.ca\/fr\/#website"},"primaryImageOfPage":{"@id":"https:\/\/www.adaptek.ca\/fr\/a-propos-de-nous\/#primaryimage"},"image":{"@id":"https:\/\/www.adaptek.ca\/fr\/a-propos-de-nous\/#primaryimage"},"thumbnailUrl":"https:\/\/www.adaptek.ca\/wp-content\/uploads\/2021\/01\/purple-laptop-3d-illustration-black-desk-laptop-computer-with-color-pink-purple-light-display-1024x576.jpg","datePublished":"2019-12-22T05:08:40+00:00","dateModified":"2021-01-30T02:31:17+00:00","breadcrumb":{"@id":"https:\/\/www.adaptek.ca\/fr\/a-propos-de-nous\/#breadcrumb"},"inLanguage":"fr-FR","potentialAction":[{"@type":"ReadAction","target":["https:\/\/www.adaptek.ca\/fr\/a-propos-de-nous\/"]}]},{"@type":"ImageObject","inLanguage":"fr-FR","@id":"https:\/\/www.adaptek.ca\/fr\/a-propos-de-nous\/#primaryimage","url":"https:\/\/www.adaptek.ca\/wp-content\/uploads\/2021\/01\/purple-laptop-3d-illustration-black-desk-laptop-computer-with-color-pink-purple-light-display-1024x576.jpg","contentUrl":"https:\/\/www.adaptek.ca\/wp-content\/uploads\/2021\/01\/purple-laptop-3d-illustration-black-desk-laptop-computer-with-color-pink-purple-light-display-1024x576.jpg"},{"@type":"BreadcrumbList","@id":"https:\/\/www.adaptek.ca\/fr\/a-propos-de-nous\/#breadcrumb","itemListElement":[{"@type":"ListItem","position":1,"name":"Home","item":"https:\/\/www.adaptek.ca\/fr\/"},{"@type":"ListItem","position":2,"name":"\u00c0 propos de nous"}]},{"@type":"WebSite","@id":"https:\/\/www.adaptek.ca\/fr\/#website","url":"https:\/\/www.adaptek.ca\/fr\/","name":"Adaptek Systems Inc.","description":"Service TI cl\u00e9 en main","publisher":{"@id":"https:\/\/www.adaptek.ca\/fr\/#organization"},"potentialAction":[{"@type":"SearchAction","target":{"@type":"EntryPoint","urlTemplate":"https:\/\/www.adaptek.ca\/fr\/?s={search_term_string}"},"query-input":{"@type":"PropertyValueSpecification","valueRequired":true,"valueName":"search_term_string"}}],"inLanguage":"fr-FR"},{"@type":"Organization","@id":"https:\/\/www.adaptek.ca\/fr\/#organization","name":"Adaptek Systems Inc.","url":"https:\/\/www.adaptek.ca\/fr\/","logo":{"@type":"ImageObject","inLanguage":"fr-FR","@id":"https:\/\/www.adaptek.ca\/fr\/#\/schema\/logo\/image\/","url":"https:\/\/www.adaptek.ca\/wp-content\/uploads\/2020\/06\/adaptek-logo.png","contentUrl":"https:\/\/www.adaptek.ca\/wp-content\/uploads\/2020\/06\/adaptek-logo.png","width":163,"height":56,"caption":"Adaptek Systems Inc."},"image":{"@id":"https:\/\/www.adaptek.ca\/fr\/#\/schema\/logo\/image\/"}}]}},"_links":{"self":[{"href":"https:\/\/www.adaptek.ca\/fr\/wp-json\/wp\/v2\/pages\/175","targetHints":{"allow":["GET"]}}],"collection":[{"href":"https:\/\/www.adaptek.ca\/fr\/wp-json\/wp\/v2\/pages"}],"about":[{"href":"https:\/\/www.adaptek.ca\/fr\/wp-json\/wp\/v2\/types\/page"}],"author":[{"embeddable":true,"href":"https:\/\/www.adaptek.ca\/fr\/wp-json\/wp\/v2\/users\/1"}],"replies":[{"embeddable":true,"href":"https:\/\/www.adaptek.ca\/fr\/wp-json\/wp\/v2\/comments?post=175"}],"version-history":[{"count":0,"href":"https:\/\/www.adaptek.ca\/fr\/wp-json\/wp\/v2\/pages\/175\/revisions"}],"wp:attachment":[{"href":"https:\/\/www.adaptek.ca\/fr\/wp-json\/wp\/v2\/media?parent=175"}],"curies":[{"name":"wp","href":"https:\/\/api.w.org\/{rel}","templated":true}]}}